{"id":5246,"date":"2022-09-22T10:38:19","date_gmt":"2022-09-22T10:38:19","guid":{"rendered":"https:\/\/www.rmcr.org\/?page_id=5246"},"modified":"2022-09-22T10:39:49","modified_gmt":"2022-09-22T10:39:49","slug":"fotos-2019-exposicion-perez-guzman","status":"publish","type":"page","link":"https:\/\/www.rmcr.org\/en\/fotos-2019-exposicion-perez-guzman\/","title":{"rendered":"Fotos 2019 \u00b7 Exposici\u00f3n P\u00e9rez de Guzm\u00e1n"},"content":{"rendered":"\t\t<div data-elementor-type=\"wp-page\" data-elementor-id=\"5246\" class=\"elementor elementor-5246\" data-elementor-post-type=\"page\">\n\t\t\t\t\t\t<section class=\"elementor-section elementor-top-section elementor-element elementor-element-90401c4 elementor-section-boxed elementor-section-height-default elementor-section-height-default\" data-id=\"90401c4\" data-element_type=\"section\" data-e-type=\"section\">\n\t\t\t\t\t\t<div class=\"elementor-container elementor-column-gap-default\">\n\t\t\t\t\t<div class=\"elementor-column elementor-col-100 elementor-top-column elementor-element elementor-element-82f37d7\" data-id=\"82f37d7\" data-element_type=\"column\" data-e-type=\"column\">\n\t\t\t<div class=\"elementor-widget-wrap elementor-element-populated\">\n\t\t\t\t\t\t<div class=\"elementor-element elementor-element-145fcc6 elementor-widget elementor-widget-heading\" data-id=\"145fcc6\" data-element_type=\"widget\" data-e-type=\"widget\" data-widget_type=\"heading.default\">\n\t\t\t\t<div class=\"elementor-widget-container\">\n\t\t\t\t\t<h1 class=\"elementor-heading-title elementor-size-default\">Comunicaci\u00f3n<\/h1>\t\t\t\t<\/div>\n\t\t\t\t<\/div>\n\t\t\t\t<div class=\"elementor-element elementor-element-cf3ea73 elementor-widget elementor-widget-heading\" data-id=\"cf3ea73\" data-element_type=\"widget\" data-e-type=\"widget\" data-widget_type=\"heading.default\">\n\t\t\t\t<div class=\"elementor-widget-container\">\n\t\t\t\t\t<h2 class=\"elementor-heading-title elementor-size-default\">Galer\u00eda de Fotos del 2019<\/h2>\t\t\t\t<\/div>\n\t\t\t\t<\/div>\n\t\t\t\t<div class=\"elementor-element elementor-element-e6d7b32 elementor-widget elementor-widget-heading\" data-id=\"e6d7b32\" data-element_type=\"widget\" data-e-type=\"widget\" data-widget_type=\"heading.default\">\n\t\t\t\t<div class=\"elementor-widget-container\">\n\t\t\t\t\t<h3 class=\"elementor-heading-title elementor-size-default\">Exposici\u00f3n P\u00e9rez de Guzm\u00e1n<\/h3>\t\t\t\t<\/div>\n\t\t\t\t<\/div>\n\t\t\t\t\t<\/div>\n\t\t<\/div>\n\t\t\t\t\t<\/div>\n\t\t<\/section>\n\t\t\t\t<section class=\"elementor-section elementor-top-section elementor-element elementor-element-17b7cd9 elementor-section-boxed elementor-section-height-default elementor-section-height-default\" data-id=\"17b7cd9\" data-element_type=\"section\" data-e-type=\"section\">\n\t\t\t\t\t\t<div class=\"elementor-container elementor-column-gap-default\">\n\t\t\t\t\t<div class=\"elementor-column elementor-col-100 elementor-top-column elementor-element elementor-element-d8ce4ed\" data-id=\"d8ce4ed\" data-element_type=\"column\" data-e-type=\"column\">\n\t\t\t<div class=\"elementor-widget-wrap elementor-element-populated\">\n\t\t\t\t\t\t<div class=\"elementor-element elementor-element-2d2a282 elementor-widget elementor-widget-gallery-flickr-rmcr\" data-id=\"2d2a282\" data-element_type=\"widget\" data-e-type=\"widget\" data-widget_type=\"gallery-flickr-rmcr.default\">\n\t\t\t\t<div class=\"elementor-widget-container\">\n\t\t\t\t\t<div class='photonic-flickr-stream photonic-stream ' id='photonic-flickr-stream-1'>\n\n\t<div id='photonic-flickr-stream-1-container' class='title-display-tooltip photonic-level-1-container sizes-present photonic-mosaic-layout photonic-thumbnail-effect-zoom' data-photonic-platform=\"flickr\" data-photonic-gallery-columns=\"auto\" data-photonic-query=\"columns=5&amp;layout=mosaic&amp;display=local&amp;popup=hide&amp;filter=&amp;filter_type=include&amp;more=&amp;panel=&amp;custom_classes=&amp;alignment=&amp;photo_layout=square&amp;caption=title&amp;thumb_size=q&amp;main_size=z&amp;tile_size=same&amp;video_size=Video Original&amp;privacy_filter=&amp;count=200&amp;page=1&amp;paginate=&amp;collections_display=expanded&amp;user_id=50708904@N02&amp;collection_id=&amp;photoset_id=72157709990168041&amp;gallery_id=&amp;photo_id=&amp;media=photos&amp;type=flickr&amp;style=default&amp;view=photosets&amp;iterate_level_3=1&amp;per_page=200&amp;photo_count=200&amp;overlay_size=q&amp;overlay_video_size=Video Original\">\n\t\t<figure class='photonic-level-1 photonic-thumb'>\n\t\t\t<a href='https:\/\/live.staticflickr.com\/65535\/48416283812_0938a0684c_z.jpg' title='Exposici\u00f3n P\u00e9rez de Guzm\u00e1n (1)' rel='lightbox-photonic-flickr-stream-1' class='photonic-lb photonic-venobox venobox' data-gall=\"photonic-flickr-stream-1\" data-photonic-media-type=\"image\" data-photonic-deep=\"gallery[photonic-flickr-set-1]\/48416283812\/\" data-title=\"&lt;a href=&#039;https:\/\/www.flickr.com\/photos\/50708904@N02\/48416283812\/in\/set-72157709990168041&#039; &gt;Exposici\u00f3n P\u00e9rez de Guzm\u00e1n (1)&lt;\/a&gt;\" data-photonic-tooltip=\"Exposici\u00f3n P\u00e9rez de Guzm\u00e1n (1)\">\n\t\t\t\t<img alt='Exposici\u00f3n P\u00e9rez de Guzm\u00e1n (1)' class='mosaic' data-src='https:\/\/live.staticflickr.com\/65535\/48416283812_0938a0684c_z.jpg' loading='lazy' width='640' height='427' \/>\n\t\t\t<\/a>\n\t\t<\/figure>\n\t\t<figure class='photonic-level-1 photonic-thumb'>\n\t\t\t<a href='https:\/\/live.staticflickr.com\/65535\/48416129311_07ba250255_z.jpg' title='Exposici\u00f3n P\u00e9rez de Guzm\u00e1n (2)' rel='lightbox-photonic-flickr-stream-1' class='photonic-lb photonic-venobox venobox' data-gall=\"photonic-flickr-stream-1\" data-photonic-media-type=\"image\" data-photonic-deep=\"gallery[photonic-flickr-set-1]\/48416129311\/\" data-title=\"&lt;a href=&#039;https:\/\/www.flickr.com\/photos\/50708904@N02\/48416129311\/in\/set-72157709990168041&#039; &gt;Exposici\u00f3n P\u00e9rez de Guzm\u00e1n (2)&lt;\/a&gt;\" data-photonic-tooltip=\"Exposici\u00f3n P\u00e9rez de Guzm\u00e1n (2)\">\n\t\t\t\t<img alt='Exposici\u00f3n P\u00e9rez de Guzm\u00e1n (2)' class='mosaic' data-src='https:\/\/live.staticflickr.com\/65535\/48416129311_07ba250255_z.jpg' loading='lazy' width='640' height='505' \/>\n\t\t\t<\/a>\n\t\t<\/figure>\n\t\t<figure class='photonic-level-1 photonic-thumb'>\n\t\t\t<a href='https:\/\/live.staticflickr.com\/65535\/48416129851_6cc81b1842_z.jpg' title='Exposici\u00f3n P\u00e9rez de Guzm\u00e1n (3)' rel='lightbox-photonic-flickr-stream-1' class='photonic-lb photonic-venobox venobox' data-gall=\"photonic-flickr-stream-1\" data-photonic-media-type=\"image\" data-photonic-deep=\"gallery[photonic-flickr-set-1]\/48416129851\/\" data-title=\"&lt;a href=&#039;https:\/\/www.flickr.com\/photos\/50708904@N02\/48416129851\/in\/set-72157709990168041&#039; &gt;Exposici\u00f3n P\u00e9rez de Guzm\u00e1n (3)&lt;\/a&gt;\" data-photonic-tooltip=\"Exposici\u00f3n P\u00e9rez de Guzm\u00e1n (3)\">\n\t\t\t\t<img alt='Exposici\u00f3n P\u00e9rez de Guzm\u00e1n (3)' class='mosaic' data-src='https:\/\/live.staticflickr.com\/65535\/48416129851_6cc81b1842_z.jpg' loading='lazy' width='640' height='417' \/>\n\t\t\t<\/a>\n\t\t<\/figure>\n\t\t<figure class='photonic-level-1 photonic-thumb'>\n\t\t\t<a href='https:\/\/live.staticflickr.com\/65535\/48416129741_001f8d1362_z.jpg' title='Exposici\u00f3n P\u00e9rez de Guzm\u00e1n (4)' rel='lightbox-photonic-flickr-stream-1' class='photonic-lb photonic-venobox venobox' data-gall=\"photonic-flickr-stream-1\" data-photonic-media-type=\"image\" data-photonic-deep=\"gallery[photonic-flickr-set-1]\/48416129741\/\" data-title=\"&lt;a href=&#039;https:\/\/www.flickr.com\/photos\/50708904@N02\/48416129741\/in\/set-72157709990168041&#039; &gt;Exposici\u00f3n P\u00e9rez de Guzm\u00e1n (4)&lt;\/a&gt;\" data-photonic-tooltip=\"Exposici\u00f3n P\u00e9rez de Guzm\u00e1n (4)\">\n\t\t\t\t<img alt='Exposici\u00f3n P\u00e9rez de Guzm\u00e1n (4)' class='mosaic' data-src='https:\/\/live.staticflickr.com\/65535\/48416129741_001f8d1362_z.jpg' loading='lazy' width='640' height='427' \/>\n\t\t\t<\/a>\n\t\t<\/figure>\n\t\t<figure class='photonic-level-1 photonic-thumb'>\n\t\t\t<a href='https:\/\/live.staticflickr.com\/65535\/48416129661_3cac33893a_z.jpg' title='Exposici\u00f3n P\u00e9rez de Guzm\u00e1n (5)' rel='lightbox-photonic-flickr-stream-1' class='photonic-lb photonic-venobox venobox' data-gall=\"photonic-flickr-stream-1\" data-photonic-media-type=\"image\" data-photonic-deep=\"gallery[photonic-flickr-set-1]\/48416129661\/\" data-title=\"&lt;a href=&#039;https:\/\/www.flickr.com\/photos\/50708904@N02\/48416129661\/in\/set-72157709990168041&#039; &gt;Exposici\u00f3n P\u00e9rez de Guzm\u00e1n (5)&lt;\/a&gt;\" data-photonic-tooltip=\"Exposici\u00f3n P\u00e9rez de Guzm\u00e1n (5)\">\n\t\t\t\t<img alt='Exposici\u00f3n P\u00e9rez de Guzm\u00e1n (5)' class='mosaic' data-src='https:\/\/live.staticflickr.com\/65535\/48416129661_3cac33893a_z.jpg' loading='lazy' width='640' height='427' \/>\n\t\t\t<\/a>\n\t\t<\/figure>\n\t\t<figure class='photonic-level-1 photonic-thumb'>\n\t\t\t<a href='https:\/\/live.staticflickr.com\/65535\/48416129616_f5490e1ba7_z.jpg' title='Exposici\u00f3n P\u00e9rez de Guzm\u00e1n (6)' rel='lightbox-photonic-flickr-stream-1' class='photonic-lb photonic-venobox venobox' data-gall=\"photonic-flickr-stream-1\" data-photonic-media-type=\"image\" data-photonic-deep=\"gallery[photonic-flickr-set-1]\/48416129616\/\" data-title=\"&lt;a href=&#039;https:\/\/www.flickr.com\/photos\/50708904@N02\/48416129616\/in\/set-72157709990168041&#039; &gt;Exposici\u00f3n P\u00e9rez de Guzm\u00e1n (6)&lt;\/a&gt;\" data-photonic-tooltip=\"Exposici\u00f3n P\u00e9rez de Guzm\u00e1n (6)\">\n\t\t\t\t<img alt='Exposici\u00f3n P\u00e9rez de Guzm\u00e1n (6)' class='mosaic' data-src='https:\/\/live.staticflickr.com\/65535\/48416129616_f5490e1ba7_z.jpg' loading='lazy' width='640' height='351' \/>\n\t\t\t<\/a>\n\t\t<\/figure>\n\t\t<figure class='photonic-level-1 photonic-thumb'>\n\t\t\t<a href='https:\/\/live.staticflickr.com\/65535\/48416129531_42119573e4_z.jpg' title='Exposici\u00f3n P\u00e9rez de Guzm\u00e1n (7)' rel='lightbox-photonic-flickr-stream-1' class='photonic-lb photonic-venobox venobox' data-gall=\"photonic-flickr-stream-1\" data-photonic-media-type=\"image\" data-photonic-deep=\"gallery[photonic-flickr-set-1]\/48416129531\/\" data-title=\"&lt;a href=&#039;https:\/\/www.flickr.com\/photos\/50708904@N02\/48416129531\/in\/set-72157709990168041&#039; &gt;Exposici\u00f3n P\u00e9rez de Guzm\u00e1n (7)&lt;\/a&gt;\" data-photonic-tooltip=\"Exposici\u00f3n P\u00e9rez de Guzm\u00e1n (7)\">\n\t\t\t\t<img alt='Exposici\u00f3n P\u00e9rez de Guzm\u00e1n (7)' class='mosaic' data-src='https:\/\/live.staticflickr.com\/65535\/48416129531_42119573e4_z.jpg' loading='lazy' width='640' height='427' \/>\n\t\t\t<\/a>\n\t\t<\/figure>\n\t\t<figure class='photonic-level-1 photonic-thumb'>\n\t\t\t<a href='https:\/\/live.staticflickr.com\/65535\/48416283012_bf2c7a7c4f_z.jpg' title='Exposici\u00f3n P\u00e9rez de Guzm\u00e1n (8)' rel='lightbox-photonic-flickr-stream-1' class='photonic-lb photonic-venobox venobox' data-gall=\"photonic-flickr-stream-1\" data-photonic-media-type=\"image\" data-photonic-deep=\"gallery[photonic-flickr-set-1]\/48416283012\/\" data-title=\"&lt;a href=&#039;https:\/\/www.flickr.com\/photos\/50708904@N02\/48416283012\/in\/set-72157709990168041&#039; &gt;Exposici\u00f3n P\u00e9rez de Guzm\u00e1n (8)&lt;\/a&gt;\" data-photonic-tooltip=\"Exposici\u00f3n P\u00e9rez de Guzm\u00e1n (8)\">\n\t\t\t\t<img alt='Exposici\u00f3n P\u00e9rez de Guzm\u00e1n (8)' class='mosaic' data-src='https:\/\/live.staticflickr.com\/65535\/48416283012_bf2c7a7c4f_z.jpg' loading='lazy' width='640' height='429' \/>\n\t\t\t<\/a>\n\t\t<\/figure>\n\t\t<figure class='photonic-level-1 photonic-thumb'>\n\t\t\t<a href='https:\/\/live.staticflickr.com\/65535\/48416283267_1397087446_z.jpg' title='Exposici\u00f3n P\u00e9rez de Guzm\u00e1n (9)' rel='lightbox-photonic-flickr-stream-1' class='photonic-lb photonic-venobox venobox' data-gall=\"photonic-flickr-stream-1\" data-photonic-media-type=\"image\" data-photonic-deep=\"gallery[photonic-flickr-set-1]\/48416283267\/\" data-title=\"&lt;a href=&#039;https:\/\/www.flickr.com\/photos\/50708904@N02\/48416283267\/in\/set-72157709990168041&#039; &gt;Exposici\u00f3n P\u00e9rez de Guzm\u00e1n (9)&lt;\/a&gt;\" data-photonic-tooltip=\"Exposici\u00f3n P\u00e9rez de Guzm\u00e1n (9)\">\n\t\t\t\t<img alt='Exposici\u00f3n P\u00e9rez de Guzm\u00e1n (9)' class='mosaic' data-src='https:\/\/live.staticflickr.com\/65535\/48416283267_1397087446_z.jpg' loading='lazy' width='640' height='422' \/>\n\t\t\t<\/a>\n\t\t<\/figure>\n\t\t<figure class='photonic-level-1 photonic-thumb'>\n\t\t\t<a href='https:\/\/live.staticflickr.com\/65535\/48416283202_cf08654e17_z.jpg' title='Exposici\u00f3n P\u00e9rez de Guzm\u00e1n (10)' rel='lightbox-photonic-flickr-stream-1' class='photonic-lb photonic-venobox venobox' data-gall=\"photonic-flickr-stream-1\" data-photonic-media-type=\"image\" data-photonic-deep=\"gallery[photonic-flickr-set-1]\/48416283202\/\" data-title=\"&lt;a href=&#039;https:\/\/www.flickr.com\/photos\/50708904@N02\/48416283202\/in\/set-72157709990168041&#039; &gt;Exposici\u00f3n P\u00e9rez de Guzm\u00e1n (10)&lt;\/a&gt;\" data-photonic-tooltip=\"Exposici\u00f3n P\u00e9rez de Guzm\u00e1n (10)\">\n\t\t\t\t<img alt='Exposici\u00f3n P\u00e9rez de Guzm\u00e1n (10)' class='mosaic' data-src='https:\/\/live.staticflickr.com\/65535\/48416283202_cf08654e17_z.jpg' loading='lazy' width='640' height='387' \/>\n\t\t\t<\/a>\n\t\t<\/figure>\n\t\t<figure class='photonic-level-1 photonic-thumb'>\n\t\t\t<a href='https:\/\/live.staticflickr.com\/65535\/48416129376_9d3f5d9c0b_z.jpg' title='Exposici\u00f3n P\u00e9rez de Guzm\u00e1n (11)' rel='lightbox-photonic-flickr-stream-1' class='photonic-lb photonic-venobox venobox' data-gall=\"photonic-flickr-stream-1\" data-photonic-media-type=\"image\" data-photonic-deep=\"gallery[photonic-flickr-set-1]\/48416129376\/\" data-title=\"&lt;a href=&#039;https:\/\/www.flickr.com\/photos\/50708904@N02\/48416129376\/in\/set-72157709990168041&#039; &gt;Exposici\u00f3n P\u00e9rez de Guzm\u00e1n (11)&lt;\/a&gt;\" data-photonic-tooltip=\"Exposici\u00f3n P\u00e9rez de Guzm\u00e1n (11)\">\n\t\t\t\t<img alt='Exposici\u00f3n P\u00e9rez de Guzm\u00e1n (11)' class='mosaic' data-src='https:\/\/live.staticflickr.com\/65535\/48416129376_9d3f5d9c0b_z.jpg' loading='lazy' width='640' height='427' \/>\n\t\t\t<\/a>\n\t\t<\/figure>\n\t\t<figure class='photonic-level-1 photonic-thumb'>\n\t\t\t<a href='https:\/\/live.staticflickr.com\/65535\/48416129091_b295d768d4_z.jpg' title='Exposici\u00f3n P\u00e9rez de Guzm\u00e1n (12)' rel='lightbox-photonic-flickr-stream-1' class='photonic-lb photonic-venobox venobox' data-gall=\"photonic-flickr-stream-1\" data-photonic-media-type=\"image\" data-photonic-deep=\"gallery[photonic-flickr-set-1]\/48416129091\/\" data-title=\"&lt;a href=&#039;https:\/\/www.flickr.com\/photos\/50708904@N02\/48416129091\/in\/set-72157709990168041&#039; &gt;Exposici\u00f3n P\u00e9rez de Guzm\u00e1n (12)&lt;\/a&gt;\" data-photonic-tooltip=\"Exposici\u00f3n P\u00e9rez de Guzm\u00e1n (12)\">\n\t\t\t\t<img alt='Exposici\u00f3n P\u00e9rez de Guzm\u00e1n (12)' class='mosaic' data-src='https:\/\/live.staticflickr.com\/65535\/48416129091_b295d768d4_z.jpg' loading='lazy' width='640' height='427' \/>\n\t\t\t<\/a>\n\t\t<\/figure>\n\n\t<\/div> <!-- .\/photonic-level-1-container -->\n\t<span id='photonic-flickr-stream-1-container-end'><\/span>\n<\/div><!-- .photonic-stream or .photonic-panel -->\n\t\t\t\t<\/div>\n\t\t\t\t<\/div>\n\t\t\t\t\t<\/div>\n\t\t<\/div>\n\t\t\t\t\t<\/div>\n\t\t<\/section>\n\t\t\t\t<\/div>\n\t\t","protected":false},"excerpt":{"rendered":"<p>Comunicaci\u00f3n Galer\u00eda de Fotos del 2019 Exposici\u00f3n P\u00e9rez de Guzm\u00e1n<\/p>\n","protected":false},"author":1,"featured_media":0,"parent":0,"menu_order":0,"comment_status":"closed","ping_status":"closed","template":"","meta":{"footnotes":""},"class_list":["post-5246","page","type-page","status-publish","hentry"],"yoast_head":"<!-- This site is optimized with the Yoast SEO plugin v27.3 - https:\/\/yoast.com\/product\/yoast-seo-wordpress\/ -->\n<title>Fotos 2019 \u00b7 Exposici\u00f3n P\u00e9rez de Guzm\u00e1n - Real Maestranza de Caballer\u00eda de Ronda<\/title>\n<meta name=\"robots\" content=\"index, follow, max-snippet:-1, max-image-preview:large, max-video-preview:-1\" \/>\n<link rel=\"canonical\" href=\"https:\/\/www.rmcr.org\/en\/fotos-2019-exposicion-perez-guzman\/\" \/>\n<meta property=\"og:locale\" content=\"en_US\" \/>\n<meta property=\"og:type\" content=\"article\" \/>\n<meta property=\"og:title\" content=\"Fotos 2019 \u00b7 Exposici\u00f3n P\u00e9rez de Guzm\u00e1n - Real Maestranza de Caballer\u00eda de Ronda\" \/>\n<meta property=\"og:description\" content=\"Comunicaci\u00f3n Galer\u00eda de Fotos del 2019 Exposici\u00f3n P\u00e9rez de Guzm\u00e1n\" \/>\n<meta property=\"og:url\" content=\"https:\/\/www.rmcr.org\/en\/fotos-2019-exposicion-perez-guzman\/\" \/>\n<meta property=\"og:site_name\" content=\"Real Maestranza de Caballer\u00eda de Ronda\" \/>\n<meta property=\"article:publisher\" content=\"https:\/\/www.facebook.com\/plazadetorosronda\" \/>\n<meta property=\"article:modified_time\" content=\"2022-09-22T10:39:49+00:00\" \/>\n<meta property=\"og:image\" content=\"https:\/\/live.staticflickr.com\/65535\/48416283812_0938a0684c_z.jpg\" \/>\n<meta name=\"twitter:card\" content=\"summary_large_image\" \/>\n<meta name=\"twitter:site\" content=\"@PlazatorosRMR\" \/>\n<script type=\"application\/ld+json\" class=\"yoast-schema-graph\">{\"@context\":\"https:\\\/\\\/schema.org\",\"@graph\":[{\"@type\":\"WebPage\",\"@id\":\"https:\\\/\\\/www.rmcr.org\\\/en\\\/fotos-2019-exposicion-perez-guzman\\\/\",\"url\":\"https:\\\/\\\/www.rmcr.org\\\/en\\\/fotos-2019-exposicion-perez-guzman\\\/\",\"name\":\"Fotos 2019 \u00b7 Exposici\u00f3n P\u00e9rez de Guzm\u00e1n - Real Maestranza de Caballer\u00eda de Ronda\",\"isPartOf\":{\"@id\":\"https:\\\/\\\/www.rmcr.org\\\/en\\\/#website\"},\"primaryImageOfPage\":{\"@id\":\"https:\\\/\\\/www.rmcr.org\\\/en\\\/fotos-2019-exposicion-perez-guzman\\\/#primaryimage\"},\"image\":{\"@id\":\"https:\\\/\\\/www.rmcr.org\\\/en\\\/fotos-2019-exposicion-perez-guzman\\\/#primaryimage\"},\"thumbnailUrl\":\"https:\\\/\\\/live.staticflickr.com\\\/65535\\\/48416283812_0938a0684c_z.jpg\",\"datePublished\":\"2022-09-22T10:38:19+00:00\",\"dateModified\":\"2022-09-22T10:39:49+00:00\",\"breadcrumb\":{\"@id\":\"https:\\\/\\\/www.rmcr.org\\\/en\\\/fotos-2019-exposicion-perez-guzman\\\/#breadcrumb\"},\"inLanguage\":\"en-US\",\"potentialAction\":[{\"@type\":\"ReadAction\",\"target\":[\"https:\\\/\\\/www.rmcr.org\\\/en\\\/fotos-2019-exposicion-perez-guzman\\\/\"]}]},{\"@type\":\"ImageObject\",\"inLanguage\":\"en-US\",\"@id\":\"https:\\\/\\\/www.rmcr.org\\\/en\\\/fotos-2019-exposicion-perez-guzman\\\/#primaryimage\",\"url\":\"https:\\\/\\\/live.staticflickr.com\\\/65535\\\/48416283812_0938a0684c_z.jpg\",\"contentUrl\":\"https:\\\/\\\/live.staticflickr.com\\\/65535\\\/48416283812_0938a0684c_z.jpg\"},{\"@type\":\"BreadcrumbList\",\"@id\":\"https:\\\/\\\/www.rmcr.org\\\/en\\\/fotos-2019-exposicion-perez-guzman\\\/#breadcrumb\",\"itemListElement\":[{\"@type\":\"ListItem\",\"position\":1,\"name\":\"REAL MAESTRANZA DE CABALLER\u00cdA DE RONDA\",\"item\":\"https:\\\/\\\/www.rmcr.org\\\/en\\\/\"},{\"@type\":\"ListItem\",\"position\":2,\"name\":\"Fotos 2019 \u00b7 Exposici\u00f3n P\u00e9rez de Guzm\u00e1n\"}]},{\"@type\":\"WebSite\",\"@id\":\"https:\\\/\\\/www.rmcr.org\\\/en\\\/#website\",\"url\":\"https:\\\/\\\/www.rmcr.org\\\/en\\\/\",\"name\":\"Real Maestranza de Caballer\u00eda de Ronda\",\"description\":\"Real Maestranza de Caballer\u00eda de Ronda\",\"publisher\":{\"@id\":\"https:\\\/\\\/www.rmcr.org\\\/en\\\/#organization\"},\"alternateName\":\"RMCR\",\"potentialAction\":[{\"@type\":\"SearchAction\",\"target\":{\"@type\":\"EntryPoint\",\"urlTemplate\":\"https:\\\/\\\/www.rmcr.org\\\/en\\\/?s={search_term_string}\"},\"query-input\":{\"@type\":\"PropertyValueSpecification\",\"valueRequired\":true,\"valueName\":\"search_term_string\"}}],\"inLanguage\":\"en-US\"},{\"@type\":\"Organization\",\"@id\":\"https:\\\/\\\/www.rmcr.org\\\/en\\\/#organization\",\"name\":\"Real Maestranza de Caballer\u00eda de Ronda\",\"alternateName\":\"RMR\",\"url\":\"https:\\\/\\\/www.rmcr.org\\\/en\\\/\",\"logo\":{\"@type\":\"ImageObject\",\"inLanguage\":\"en-US\",\"@id\":\"https:\\\/\\\/www.rmcr.org\\\/en\\\/#\\\/schema\\\/logo\\\/image\\\/\",\"url\":\"https:\\\/\\\/www.rmcr.org\\\/wp-content\\\/uploads\\\/2022\\\/07\\\/logo-rmr-blue.svg\",\"contentUrl\":\"https:\\\/\\\/www.rmcr.org\\\/wp-content\\\/uploads\\\/2022\\\/07\\\/logo-rmr-blue.svg\",\"width\":131,\"height\":129,\"caption\":\"Real Maestranza de Caballer\u00eda de Ronda\"},\"image\":{\"@id\":\"https:\\\/\\\/www.rmcr.org\\\/en\\\/#\\\/schema\\\/logo\\\/image\\\/\"},\"sameAs\":[\"https:\\\/\\\/www.facebook.com\\\/plazadetorosronda\",\"https:\\\/\\\/x.com\\\/PlazatorosRMR\",\"https:\\\/\\\/www.instagram.com\\\/realmaestranzaderonda\\\/\",\"https:\\\/\\\/www.youtube.com\\\/channel\\\/UCrbO5IUN-8v_QML739vM4zg\\\/videos\"]}]}<\/script>\n<!-- \/ Yoast SEO plugin. -->","yoast_head_json":{"title":"Fotos 2019 \u00b7 Exposici\u00f3n P\u00e9rez de Guzm\u00e1n - Real Maestranza de Caballer\u00eda de Ronda","robots":{"index":"index","follow":"follow","max-snippet":"max-snippet:-1","max-image-preview":"max-image-preview:large","max-video-preview":"max-video-preview:-1"},"canonical":"https:\/\/www.rmcr.org\/en\/fotos-2019-exposicion-perez-guzman\/","og_locale":"en_US","og_type":"article","og_title":"Fotos 2019 \u00b7 Exposici\u00f3n P\u00e9rez de Guzm\u00e1n - Real Maestranza de Caballer\u00eda de Ronda","og_description":"Comunicaci\u00f3n Galer\u00eda de Fotos del 2019 Exposici\u00f3n P\u00e9rez de Guzm\u00e1n","og_url":"https:\/\/www.rmcr.org\/en\/fotos-2019-exposicion-perez-guzman\/","og_site_name":"Real Maestranza de Caballer\u00eda de Ronda","article_publisher":"https:\/\/www.facebook.com\/plazadetorosronda","article_modified_time":"2022-09-22T10:39:49+00:00","og_image":[{"url":"https:\/\/live.staticflickr.com\/65535\/48416283812_0938a0684c_z.jpg","type":"","width":"","height":""}],"twitter_card":"summary_large_image","twitter_site":"@PlazatorosRMR","schema":{"@context":"https:\/\/schema.org","@graph":[{"@type":"WebPage","@id":"https:\/\/www.rmcr.org\/en\/fotos-2019-exposicion-perez-guzman\/","url":"https:\/\/www.rmcr.org\/en\/fotos-2019-exposicion-perez-guzman\/","name":"Fotos 2019 \u00b7 Exposici\u00f3n P\u00e9rez de Guzm\u00e1n - Real Maestranza de Caballer\u00eda de Ronda","isPartOf":{"@id":"https:\/\/www.rmcr.org\/en\/#website"},"primaryImageOfPage":{"@id":"https:\/\/www.rmcr.org\/en\/fotos-2019-exposicion-perez-guzman\/#primaryimage"},"image":{"@id":"https:\/\/www.rmcr.org\/en\/fotos-2019-exposicion-perez-guzman\/#primaryimage"},"thumbnailUrl":"https:\/\/live.staticflickr.com\/65535\/48416283812_0938a0684c_z.jpg","datePublished":"2022-09-22T10:38:19+00:00","dateModified":"2022-09-22T10:39:49+00:00","breadcrumb":{"@id":"https:\/\/www.rmcr.org\/en\/fotos-2019-exposicion-perez-guzman\/#breadcrumb"},"inLanguage":"en-US","potentialAction":[{"@type":"ReadAction","target":["https:\/\/www.rmcr.org\/en\/fotos-2019-exposicion-perez-guzman\/"]}]},{"@type":"ImageObject","inLanguage":"en-US","@id":"https:\/\/www.rmcr.org\/en\/fotos-2019-exposicion-perez-guzman\/#primaryimage","url":"https:\/\/live.staticflickr.com\/65535\/48416283812_0938a0684c_z.jpg","contentUrl":"https:\/\/live.staticflickr.com\/65535\/48416283812_0938a0684c_z.jpg"},{"@type":"BreadcrumbList","@id":"https:\/\/www.rmcr.org\/en\/fotos-2019-exposicion-perez-guzman\/#breadcrumb","itemListElement":[{"@type":"ListItem","position":1,"name":"REAL MAESTRANZA DE CABALLER\u00cdA DE RONDA","item":"https:\/\/www.rmcr.org\/en\/"},{"@type":"ListItem","position":2,"name":"Fotos 2019 \u00b7 Exposici\u00f3n P\u00e9rez de Guzm\u00e1n"}]},{"@type":"WebSite","@id":"https:\/\/www.rmcr.org\/en\/#website","url":"https:\/\/www.rmcr.org\/en\/","name":"Real Maestranza de Caballer\u00eda de Ronda","description":"Real Maestranza de Caballer\u00eda de Ronda","publisher":{"@id":"https:\/\/www.rmcr.org\/en\/#organization"},"alternateName":"RMCR","potentialAction":[{"@type":"SearchAction","target":{"@type":"EntryPoint","urlTemplate":"https:\/\/www.rmcr.org\/en\/?s={search_term_string}"},"query-input":{"@type":"PropertyValueSpecification","valueRequired":true,"valueName":"search_term_string"}}],"inLanguage":"en-US"},{"@type":"Organization","@id":"https:\/\/www.rmcr.org\/en\/#organization","name":"Real Maestranza de Caballer\u00eda de Ronda","alternateName":"RMR","url":"https:\/\/www.rmcr.org\/en\/","logo":{"@type":"ImageObject","inLanguage":"en-US","@id":"https:\/\/www.rmcr.org\/en\/#\/schema\/logo\/image\/","url":"https:\/\/www.rmcr.org\/wp-content\/uploads\/2022\/07\/logo-rmr-blue.svg","contentUrl":"https:\/\/www.rmcr.org\/wp-content\/uploads\/2022\/07\/logo-rmr-blue.svg","width":131,"height":129,"caption":"Real Maestranza de Caballer\u00eda de Ronda"},"image":{"@id":"https:\/\/www.rmcr.org\/en\/#\/schema\/logo\/image\/"},"sameAs":["https:\/\/www.facebook.com\/plazadetorosronda","https:\/\/x.com\/PlazatorosRMR","https:\/\/www.instagram.com\/realmaestranzaderonda\/","https:\/\/www.youtube.com\/channel\/UCrbO5IUN-8v_QML739vM4zg\/videos"]}]}},"_links":{"self":[{"href":"https:\/\/www.rmcr.org\/en\/wp-json\/wp\/v2\/pages\/5246","targetHints":{"allow":["GET"]}}],"collection":[{"href":"https:\/\/www.rmcr.org\/en\/wp-json\/wp\/v2\/pages"}],"about":[{"href":"https:\/\/www.rmcr.org\/en\/wp-json\/wp\/v2\/types\/page"}],"author":[{"embeddable":true,"href":"https:\/\/www.rmcr.org\/en\/wp-json\/wp\/v2\/users\/1"}],"replies":[{"embeddable":true,"href":"https:\/\/www.rmcr.org\/en\/wp-json\/wp\/v2\/comments?post=5246"}],"version-history":[{"count":4,"href":"https:\/\/www.rmcr.org\/en\/wp-json\/wp\/v2\/pages\/5246\/revisions"}],"predecessor-version":[{"id":5250,"href":"https:\/\/www.rmcr.org\/en\/wp-json\/wp\/v2\/pages\/5246\/revisions\/5250"}],"wp:attachment":[{"href":"https:\/\/www.rmcr.org\/en\/wp-json\/wp\/v2\/media?parent=5246"}],"curies":[{"name":"wp","href":"https:\/\/api.w.org\/{rel}","templated":true}]}}