{"id":12499,"date":"2022-11-10T09:28:36","date_gmt":"2022-11-10T09:28:36","guid":{"rendered":"https:\/\/www.rmcr.org\/encounters-in-music-philosophy\/"},"modified":"2023-01-17T08:28:21","modified_gmt":"2023-01-17T08:28:21","slug":"encounters-in-music-philosophy","status":"publish","type":"page","link":"https:\/\/www.rmcr.org\/en\/encounters-in-music-philosophy\/","title":{"rendered":"Activity \u00b7 Encounters in Music &amp; Philosophy"},"content":{"rendered":"\t\t<div data-elementor-type=\"wp-page\" data-elementor-id=\"12499\" class=\"elementor elementor-12499 elementor-2691\" data-elementor-post-type=\"page\">\n\t\t\t\t\t\t<section class=\"elementor-section elementor-top-section elementor-element elementor-element-6e5fc73 elementor-section-boxed elementor-section-height-default elementor-section-height-default\" data-id=\"6e5fc73\" data-element_type=\"section\" data-e-type=\"section\">\n\t\t\t\t\t\t<div class=\"elementor-container elementor-column-gap-default\">\n\t\t\t\t\t<div class=\"elementor-column elementor-col-100 elementor-top-column elementor-element elementor-element-31f8e81f imagen-cabecera\" data-id=\"31f8e81f\" data-element_type=\"column\" data-e-type=\"column\" data-settings=\"{&quot;background_background&quot;:&quot;slideshow&quot;,&quot;background_slideshow_gallery&quot;:[],&quot;background_slideshow_loop&quot;:&quot;yes&quot;,&quot;background_slideshow_slide_duration&quot;:5000,&quot;background_slideshow_slide_transition&quot;:&quot;fade&quot;,&quot;background_slideshow_transition_duration&quot;:500}\">\n\t\t\t<div class=\"elementor-widget-wrap elementor-element-populated\">\n\t\t\t\t\t\t<div class=\"elementor-element elementor-element-51449421 imagen-cabecera elementor-widget elementor-widget-image\" data-id=\"51449421\" data-element_type=\"widget\" data-e-type=\"widget\" data-widget_type=\"image.default\">\n\t\t\t\t<div class=\"elementor-widget-container\">\n\t\t\t\t\t\t\t\t\t\t\t\t\t\t\t<img fetchpriority=\"high\" decoding=\"async\" width=\"2560\" height=\"1102\" src=\"https:\/\/www.rmcr.org\/wp-content\/uploads\/2022\/06\/encuentro-musica-filosofica-big-scaled.jpg\" class=\"attachment-full size-full wp-image-2694\" alt=\"Encuentro M\u00fasica y Filosof\u00eda\" srcset=\"https:\/\/www.rmcr.org\/wp-content\/uploads\/2022\/06\/encuentro-musica-filosofica-big-scaled.jpg 2560w, https:\/\/www.rmcr.org\/wp-content\/uploads\/2022\/06\/encuentro-musica-filosofica-big-300x129.jpg 300w, https:\/\/www.rmcr.org\/wp-content\/uploads\/2022\/06\/encuentro-musica-filosofica-big-1024x441.jpg 1024w, https:\/\/www.rmcr.org\/wp-content\/uploads\/2022\/06\/encuentro-musica-filosofica-big-768x331.jpg 768w, https:\/\/www.rmcr.org\/wp-content\/uploads\/2022\/06\/encuentro-musica-filosofica-big-1536x661.jpg 1536w, https:\/\/www.rmcr.org\/wp-content\/uploads\/2022\/06\/encuentro-musica-filosofica-big-2048x882.jpg 2048w\" sizes=\"(max-width: 2560px) 100vw, 2560px\" \/>\t\t\t\t\t\t\t\t\t\t\t\t\t\t\t<\/div>\n\t\t\t\t<\/div>\n\t\t\t\t\t<\/div>\n\t\t<\/div>\n\t\t\t\t\t<\/div>\n\t\t<\/section>\n\t\t\t\t<section class=\"elementor-section elementor-top-section elementor-element elementor-element-41b4e657 elementor-section-boxed elementor-section-height-default elementor-section-height-default\" data-id=\"41b4e657\" data-element_type=\"section\" data-e-type=\"section\">\n\t\t\t\t\t\t<div class=\"elementor-container elementor-column-gap-default\">\n\t\t\t\t\t<div class=\"elementor-column elementor-col-100 elementor-top-column elementor-element elementor-element-2d216204\" data-id=\"2d216204\" data-element_type=\"column\" data-e-type=\"column\">\n\t\t\t<div class=\"elementor-widget-wrap elementor-element-populated\">\n\t\t\t\t\t\t<div class=\"elementor-element elementor-element-666fdb4f elementor-widget elementor-widget-heading\" data-id=\"666fdb4f\" data-element_type=\"widget\" data-e-type=\"widget\" data-widget_type=\"heading.default\">\n\t\t\t\t<div class=\"elementor-widget-container\">\n\t\t\t\t\t<h1 class=\"elementor-heading-title elementor-size-default\">ENCOUNTERS IN MUSIC &amp; PHILOSOPHY<\/h1>\t\t\t\t<\/div>\n\t\t\t\t<\/div>\n\t\t\t\t<div class=\"elementor-element elementor-element-4650c380 elementor-widget elementor-widget-heading\" data-id=\"4650c380\" data-element_type=\"widget\" data-e-type=\"widget\" data-widget_type=\"heading.default\">\n\t\t\t\t<div class=\"elementor-widget-container\">\n\t\t\t\t\t<h2 class=\"elementor-heading-title elementor-size-default\">Encuentro M\u00fasica y Filosof\u00eda<\/h2>\t\t\t\t<\/div>\n\t\t\t\t<\/div>\n\t\t\t\t<div class=\"elementor-element elementor-element-3e982ffa elementor-widget elementor-widget-heading\" data-id=\"3e982ffa\" data-element_type=\"widget\" data-e-type=\"widget\" data-widget_type=\"heading.default\">\n\t\t\t\t<div class=\"elementor-widget-container\">\n\t\t\t\t\t<h3 class=\"elementor-heading-title elementor-size-default\">Organised in collaboration with the International Ontology Congress, the Encounters are aimed at students, professionals and scholars of music and philosophy.<\/h3>\t\t\t\t<\/div>\n\t\t\t\t<\/div>\n\t\t\t\t\t<\/div>\n\t\t<\/div>\n\t\t\t\t\t<\/div>\n\t\t<\/section>\n\t\t\t\t<section class=\"elementor-section elementor-top-section elementor-element elementor-element-43d7970 elementor-section-boxed elementor-section-height-default elementor-section-height-default\" data-id=\"43d7970\" data-element_type=\"section\" data-e-type=\"section\">\n\t\t\t\t\t\t<div class=\"elementor-container elementor-column-gap-default\">\n\t\t\t\t\t<div class=\"elementor-column elementor-col-100 elementor-top-column elementor-element elementor-element-f6cd87e\" data-id=\"f6cd87e\" data-element_type=\"column\" data-e-type=\"column\">\n\t\t\t<div class=\"elementor-widget-wrap elementor-element-populated\">\n\t\t\t\t\t\t<div class=\"elementor-element elementor-element-391294c elementor-widget elementor-widget-text-editor\" data-id=\"391294c\" data-element_type=\"widget\" data-e-type=\"widget\" data-widget_type=\"text-editor.default\">\n\t\t\t\t<div class=\"elementor-widget-container\">\n\t\t\t\t\t\t\t\t\t<p>Since the inaugural meeting in 2004 the annual event has developed into an indispensable link between creators and thinkers about music. Participants include academics, philosophers, researchers, performers and musical creators from Spain and abroad, meeting under the joint direction of the composer Tom\u00e1s Marco and the philosopher V\u00edctor G\u00f3mez Pin.<\/p>\n<p>Composers such as Hugues Dufourt, Joan Guinjoan, Mestres Quadreny, Jos\u00e9 Mar\u00eda S\u00e1nchez Verd\u00fa or Mauricio Sotelo and philosophers such as Javier Echevarr\u00eda, Agust\u00edn Garc\u00eda Calvo, Gotzon Arrizabalaga or Francis Wolff, among others, have participated together with outstanding performers such as Marcel Peres, Carlos Mena, Pilar Jurado, Carlos \u00c1lvarez, Ruggiero Raimondi or Jos\u00e9 Antonio Monta\u00f1o.<\/p>\n\t\t\t\t\t\t\t\t<\/div>\n\t\t\t\t<\/div>\n\t\t\t\t\t<\/div>\n\t\t<\/div>\n\t\t\t\t\t<\/div>\n\t\t<\/section>\n\t\t\t\t<section class=\"elementor-section elementor-top-section elementor-element elementor-element-9a41ba6 elementor-section-full_width elementor-section-height-default elementor-section-height-default\" data-id=\"9a41ba6\" data-element_type=\"section\" data-e-type=\"section\">\n\t\t\t\t\t\t<div class=\"elementor-container elementor-column-gap-default\">\n\t\t\t\t\t<div class=\"elementor-column elementor-col-50 elementor-top-column elementor-element elementor-element-f2e8539\" data-id=\"f2e8539\" data-element_type=\"column\" data-e-type=\"column\">\n\t\t\t<div class=\"elementor-widget-wrap elementor-element-populated\">\n\t\t\t\t\t\t<div class=\"elementor-element elementor-element-2bfed7d elementor-widget elementor-widget-image\" data-id=\"2bfed7d\" data-element_type=\"widget\" data-e-type=\"widget\" data-widget_type=\"image.default\">\n\t\t\t\t<div class=\"elementor-widget-container\">\n\t\t\t\t\t\t\t\t\t\t\t\t\t\t\t<img decoding=\"async\" width=\"800\" height=\"448\" src=\"https:\/\/www.rmcr.org\/wp-content\/uploads\/2022\/07\/encuentro-musica-filosofia-detalle-1-1024x573.jpg\" class=\"attachment-large size-large wp-image-3060\" alt=\"Encuentro M\u00fasica Filosofia Detalle 1\" srcset=\"https:\/\/www.rmcr.org\/wp-content\/uploads\/2022\/07\/encuentro-musica-filosofia-detalle-1-1024x573.jpg 1024w, https:\/\/www.rmcr.org\/wp-content\/uploads\/2022\/07\/encuentro-musica-filosofia-detalle-1-300x168.jpg 300w, https:\/\/www.rmcr.org\/wp-content\/uploads\/2022\/07\/encuentro-musica-filosofia-detalle-1-768x429.jpg 768w, https:\/\/www.rmcr.org\/wp-content\/uploads\/2022\/07\/encuentro-musica-filosofia-detalle-1.jpg 1166w\" sizes=\"(max-width: 800px) 100vw, 800px\" \/>\t\t\t\t\t\t\t\t\t\t\t\t\t\t\t<\/div>\n\t\t\t\t<\/div>\n\t\t\t\t\t<\/div>\n\t\t<\/div>\n\t\t\t\t<div class=\"elementor-column elementor-col-50 elementor-top-column elementor-element elementor-element-017d7ac\" data-id=\"017d7ac\" data-element_type=\"column\" data-e-type=\"column\">\n\t\t\t<div class=\"elementor-widget-wrap elementor-element-populated\">\n\t\t\t\t\t\t<div class=\"elementor-element elementor-element-e61d3c4 elementor-widget elementor-widget-image\" data-id=\"e61d3c4\" data-element_type=\"widget\" data-e-type=\"widget\" data-widget_type=\"image.default\">\n\t\t\t\t<div class=\"elementor-widget-container\">\n\t\t\t\t\t\t\t\t\t\t\t\t\t\t\t<img decoding=\"async\" width=\"652\" height=\"652\" src=\"https:\/\/www.rmcr.org\/wp-content\/uploads\/2022\/07\/encuentro-musica-filosofia-detalle-2.jpg\" class=\"attachment-large size-large wp-image-3058\" alt=\"Encuentro M\u00fasica Filosofia Detalle 2\" srcset=\"https:\/\/www.rmcr.org\/wp-content\/uploads\/2022\/07\/encuentro-musica-filosofia-detalle-2.jpg 652w, https:\/\/www.rmcr.org\/wp-content\/uploads\/2022\/07\/encuentro-musica-filosofia-detalle-2-300x300.jpg 300w, https:\/\/www.rmcr.org\/wp-content\/uploads\/2022\/07\/encuentro-musica-filosofia-detalle-2-150x150.jpg 150w\" sizes=\"(max-width: 652px) 100vw, 652px\" \/>\t\t\t\t\t\t\t\t\t\t\t\t\t\t\t<\/div>\n\t\t\t\t<\/div>\n\t\t\t\t\t<\/div>\n\t\t<\/div>\n\t\t\t\t\t<\/div>\n\t\t<\/section>\n\t\t\t\t<section class=\"elementor-section elementor-top-section elementor-element elementor-element-e227d38 elementor-section-boxed elementor-section-height-default elementor-section-height-default\" data-id=\"e227d38\" data-element_type=\"section\" data-e-type=\"section\">\n\t\t\t\t\t\t<div class=\"elementor-container elementor-column-gap-default\">\n\t\t\t\t\t<div class=\"elementor-column elementor-col-100 elementor-top-column elementor-element elementor-element-1761ee6\" data-id=\"1761ee6\" data-element_type=\"column\" data-e-type=\"column\">\n\t\t\t<div class=\"elementor-widget-wrap elementor-element-populated\">\n\t\t\t\t\t\t<div class=\"elementor-element elementor-element-0256cd4 elementor-widget elementor-widget-text-editor\" data-id=\"0256cd4\" data-element_type=\"widget\" data-e-type=\"widget\" data-widget_type=\"text-editor.default\">\n\t\t\t\t<div class=\"elementor-widget-container\">\n\t\t\t\t\t\t\t\t\t<p>Access the Music and Philosophy Meeting Spain website from here<\/p>\n\t\t\t\t\t\t\t\t<\/div>\n\t\t\t\t<\/div>\n\t\t\t\t<div class=\"elementor-element elementor-element-dfd8f45 elementor-widget__width-auto buttonRMRborder elementor-widget elementor-widget-button\" data-id=\"dfd8f45\" data-element_type=\"widget\" data-e-type=\"widget\" data-widget_type=\"button.default\">\n\t\t\t\t<div class=\"elementor-widget-container\">\n\t\t\t\t\t\t\t\t\t<div class=\"elementor-button-wrapper\">\n\t\t\t\t\t<a class=\"elementor-button elementor-button-link elementor-size-sm\" href=\"https:\/\/encuentromusicafilosofia.blog\" target=\"_blank\">\n\t\t\t\t\t\t<span class=\"elementor-button-content-wrapper\">\n\t\t\t\t\t\t\t\t\t<span class=\"elementor-button-text\">musicafilosofia.blog<\/span>\n\t\t\t\t\t<\/span>\n\t\t\t\t\t<\/a>\n\t\t\t\t<\/div>\n\t\t\t\t\t\t\t\t<\/div>\n\t\t\t\t<\/div>\n\t\t\t\t\t<\/div>\n\t\t<\/div>\n\t\t\t\t\t<\/div>\n\t\t<\/section>\n\t\t\t\t<\/div>\n\t\t","protected":false},"excerpt":{"rendered":"<p>ENCOUNTERS IN MUSIC &amp; PHILOSOPHY Encuentro M\u00fasica y Filosof\u00eda Organised in collaboration with the International Ontology Congress, the Encounters are aimed at students, professionals and scholars of music and philosophy. Since the inaugural meeting in 2004 the annual event has developed into an indispensable link between creators and thinkers about music. Participants include academics, philosophers, [&hellip;]<\/p>\n","protected":false},"author":1,"featured_media":0,"parent":0,"menu_order":0,"comment_status":"closed","ping_status":"closed","template":"","meta":{"footnotes":""},"class_list":["post-12499","page","type-page","status-publish","hentry"],"yoast_head":"<!-- This site is optimized with the Yoast SEO plugin v27.3 - https:\/\/yoast.com\/product\/yoast-seo-wordpress\/ -->\n<title>Activity \u00b7 Encounters in Music &amp; Philosophy - Real Maestranza de Caballer\u00eda de Ronda<\/title>\n<meta name=\"robots\" content=\"index, follow, max-snippet:-1, max-image-preview:large, max-video-preview:-1\" \/>\n<link rel=\"canonical\" href=\"https:\/\/www.rmcr.org\/en\/encounters-in-music-philosophy\/\" \/>\n<meta property=\"og:locale\" content=\"en_US\" \/>\n<meta property=\"og:type\" content=\"article\" \/>\n<meta property=\"og:title\" content=\"Activity \u00b7 Encounters in Music &amp; Philosophy - Real Maestranza de Caballer\u00eda de Ronda\" \/>\n<meta property=\"og:description\" content=\"ENCOUNTERS IN MUSIC &amp; PHILOSOPHY Encuentro M\u00fasica y Filosof\u00eda Organised in collaboration with the International Ontology Congress, the Encounters are aimed at students, professionals and scholars of music and philosophy. Since the inaugural meeting in 2004 the annual event has developed into an indispensable link between creators and thinkers about music. Participants include academics, philosophers, [&hellip;]\" \/>\n<meta property=\"og:url\" content=\"https:\/\/www.rmcr.org\/en\/encounters-in-music-philosophy\/\" \/>\n<meta property=\"og:site_name\" content=\"Real Maestranza de Caballer\u00eda de Ronda\" \/>\n<meta property=\"article:publisher\" content=\"https:\/\/www.facebook.com\/plazadetorosronda\" \/>\n<meta property=\"article:modified_time\" content=\"2023-01-17T08:28:21+00:00\" \/>\n<meta property=\"og:image\" content=\"https:\/\/www.rmcr.org\/wp-content\/uploads\/2022\/06\/encuentro-musica-filosofica-big-scaled.jpg\" \/>\n<meta name=\"twitter:card\" content=\"summary_large_image\" \/>\n<meta name=\"twitter:site\" content=\"@PlazatorosRMR\" \/>\n<meta name=\"twitter:label1\" content=\"Est. reading time\" \/>\n\t<meta name=\"twitter:data1\" content=\"1 minute\" \/>\n<script type=\"application\/ld+json\" class=\"yoast-schema-graph\">{\"@context\":\"https:\\\/\\\/schema.org\",\"@graph\":[{\"@type\":\"WebPage\",\"@id\":\"https:\\\/\\\/www.rmcr.org\\\/en\\\/encounters-in-music-philosophy\\\/\",\"url\":\"https:\\\/\\\/www.rmcr.org\\\/en\\\/encounters-in-music-philosophy\\\/\",\"name\":\"Activity \u00b7 Encounters in Music &amp; Philosophy - Real Maestranza de Caballer\u00eda de Ronda\",\"isPartOf\":{\"@id\":\"https:\\\/\\\/www.rmcr.org\\\/en\\\/#website\"},\"primaryImageOfPage\":{\"@id\":\"https:\\\/\\\/www.rmcr.org\\\/en\\\/encounters-in-music-philosophy\\\/#primaryimage\"},\"image\":{\"@id\":\"https:\\\/\\\/www.rmcr.org\\\/en\\\/encounters-in-music-philosophy\\\/#primaryimage\"},\"thumbnailUrl\":\"https:\\\/\\\/www.rmcr.org\\\/wp-content\\\/uploads\\\/2022\\\/06\\\/encuentro-musica-filosofica-big-scaled.jpg\",\"datePublished\":\"2022-11-10T09:28:36+00:00\",\"dateModified\":\"2023-01-17T08:28:21+00:00\",\"breadcrumb\":{\"@id\":\"https:\\\/\\\/www.rmcr.org\\\/en\\\/encounters-in-music-philosophy\\\/#breadcrumb\"},\"inLanguage\":\"en-US\",\"potentialAction\":[{\"@type\":\"ReadAction\",\"target\":[\"https:\\\/\\\/www.rmcr.org\\\/en\\\/encounters-in-music-philosophy\\\/\"]}]},{\"@type\":\"ImageObject\",\"inLanguage\":\"en-US\",\"@id\":\"https:\\\/\\\/www.rmcr.org\\\/en\\\/encounters-in-music-philosophy\\\/#primaryimage\",\"url\":\"https:\\\/\\\/www.rmcr.org\\\/wp-content\\\/uploads\\\/2022\\\/06\\\/encuentro-musica-filosofica-big-scaled.jpg\",\"contentUrl\":\"https:\\\/\\\/www.rmcr.org\\\/wp-content\\\/uploads\\\/2022\\\/06\\\/encuentro-musica-filosofica-big-scaled.jpg\"},{\"@type\":\"BreadcrumbList\",\"@id\":\"https:\\\/\\\/www.rmcr.org\\\/en\\\/encounters-in-music-philosophy\\\/#breadcrumb\",\"itemListElement\":[{\"@type\":\"ListItem\",\"position\":1,\"name\":\"REAL MAESTRANZA DE CABALLER\u00cdA DE RONDA\",\"item\":\"https:\\\/\\\/www.rmcr.org\\\/en\\\/\"},{\"@type\":\"ListItem\",\"position\":2,\"name\":\"Activity \u00b7 Encounters in Music &amp; Philosophy\"}]},{\"@type\":\"WebSite\",\"@id\":\"https:\\\/\\\/www.rmcr.org\\\/en\\\/#website\",\"url\":\"https:\\\/\\\/www.rmcr.org\\\/en\\\/\",\"name\":\"Real Maestranza de Caballer\u00eda de Ronda\",\"description\":\"Real Maestranza de Caballer\u00eda de Ronda\",\"publisher\":{\"@id\":\"https:\\\/\\\/www.rmcr.org\\\/en\\\/#organization\"},\"alternateName\":\"RMCR\",\"potentialAction\":[{\"@type\":\"SearchAction\",\"target\":{\"@type\":\"EntryPoint\",\"urlTemplate\":\"https:\\\/\\\/www.rmcr.org\\\/en\\\/?s={search_term_string}\"},\"query-input\":{\"@type\":\"PropertyValueSpecification\",\"valueRequired\":true,\"valueName\":\"search_term_string\"}}],\"inLanguage\":\"en-US\"},{\"@type\":\"Organization\",\"@id\":\"https:\\\/\\\/www.rmcr.org\\\/en\\\/#organization\",\"name\":\"Real Maestranza de Caballer\u00eda de Ronda\",\"alternateName\":\"RMR\",\"url\":\"https:\\\/\\\/www.rmcr.org\\\/en\\\/\",\"logo\":{\"@type\":\"ImageObject\",\"inLanguage\":\"en-US\",\"@id\":\"https:\\\/\\\/www.rmcr.org\\\/en\\\/#\\\/schema\\\/logo\\\/image\\\/\",\"url\":\"https:\\\/\\\/www.rmcr.org\\\/wp-content\\\/uploads\\\/2022\\\/07\\\/logo-rmr-blue.svg\",\"contentUrl\":\"https:\\\/\\\/www.rmcr.org\\\/wp-content\\\/uploads\\\/2022\\\/07\\\/logo-rmr-blue.svg\",\"width\":131,\"height\":129,\"caption\":\"Real Maestranza de Caballer\u00eda de Ronda\"},\"image\":{\"@id\":\"https:\\\/\\\/www.rmcr.org\\\/en\\\/#\\\/schema\\\/logo\\\/image\\\/\"},\"sameAs\":[\"https:\\\/\\\/www.facebook.com\\\/plazadetorosronda\",\"https:\\\/\\\/x.com\\\/PlazatorosRMR\",\"https:\\\/\\\/www.instagram.com\\\/realmaestranzaderonda\\\/\",\"https:\\\/\\\/www.youtube.com\\\/channel\\\/UCrbO5IUN-8v_QML739vM4zg\\\/videos\"]}]}<\/script>\n<!-- \/ Yoast SEO plugin. -->","yoast_head_json":{"title":"Activity \u00b7 Encounters in Music &amp; Philosophy - Real Maestranza de Caballer\u00eda de Ronda","robots":{"index":"index","follow":"follow","max-snippet":"max-snippet:-1","max-image-preview":"max-image-preview:large","max-video-preview":"max-video-preview:-1"},"canonical":"https:\/\/www.rmcr.org\/en\/encounters-in-music-philosophy\/","og_locale":"en_US","og_type":"article","og_title":"Activity \u00b7 Encounters in Music &amp; Philosophy - Real Maestranza de Caballer\u00eda de Ronda","og_description":"ENCOUNTERS IN MUSIC &amp; PHILOSOPHY Encuentro M\u00fasica y Filosof\u00eda Organised in collaboration with the International Ontology Congress, the Encounters are aimed at students, professionals and scholars of music and philosophy. Since the inaugural meeting in 2004 the annual event has developed into an indispensable link between creators and thinkers about music. Participants include academics, philosophers, [&hellip;]","og_url":"https:\/\/www.rmcr.org\/en\/encounters-in-music-philosophy\/","og_site_name":"Real Maestranza de Caballer\u00eda de Ronda","article_publisher":"https:\/\/www.facebook.com\/plazadetorosronda","article_modified_time":"2023-01-17T08:28:21+00:00","og_image":[{"url":"https:\/\/www.rmcr.org\/wp-content\/uploads\/2022\/06\/encuentro-musica-filosofica-big-scaled.jpg","type":"","width":"","height":""}],"twitter_card":"summary_large_image","twitter_site":"@PlazatorosRMR","twitter_misc":{"Est. reading time":"1 minute"},"schema":{"@context":"https:\/\/schema.org","@graph":[{"@type":"WebPage","@id":"https:\/\/www.rmcr.org\/en\/encounters-in-music-philosophy\/","url":"https:\/\/www.rmcr.org\/en\/encounters-in-music-philosophy\/","name":"Activity \u00b7 Encounters in Music &amp; Philosophy - Real Maestranza de Caballer\u00eda de Ronda","isPartOf":{"@id":"https:\/\/www.rmcr.org\/en\/#website"},"primaryImageOfPage":{"@id":"https:\/\/www.rmcr.org\/en\/encounters-in-music-philosophy\/#primaryimage"},"image":{"@id":"https:\/\/www.rmcr.org\/en\/encounters-in-music-philosophy\/#primaryimage"},"thumbnailUrl":"https:\/\/www.rmcr.org\/wp-content\/uploads\/2022\/06\/encuentro-musica-filosofica-big-scaled.jpg","datePublished":"2022-11-10T09:28:36+00:00","dateModified":"2023-01-17T08:28:21+00:00","breadcrumb":{"@id":"https:\/\/www.rmcr.org\/en\/encounters-in-music-philosophy\/#breadcrumb"},"inLanguage":"en-US","potentialAction":[{"@type":"ReadAction","target":["https:\/\/www.rmcr.org\/en\/encounters-in-music-philosophy\/"]}]},{"@type":"ImageObject","inLanguage":"en-US","@id":"https:\/\/www.rmcr.org\/en\/encounters-in-music-philosophy\/#primaryimage","url":"https:\/\/www.rmcr.org\/wp-content\/uploads\/2022\/06\/encuentro-musica-filosofica-big-scaled.jpg","contentUrl":"https:\/\/www.rmcr.org\/wp-content\/uploads\/2022\/06\/encuentro-musica-filosofica-big-scaled.jpg"},{"@type":"BreadcrumbList","@id":"https:\/\/www.rmcr.org\/en\/encounters-in-music-philosophy\/#breadcrumb","itemListElement":[{"@type":"ListItem","position":1,"name":"REAL MAESTRANZA DE CABALLER\u00cdA DE RONDA","item":"https:\/\/www.rmcr.org\/en\/"},{"@type":"ListItem","position":2,"name":"Activity \u00b7 Encounters in Music &amp; Philosophy"}]},{"@type":"WebSite","@id":"https:\/\/www.rmcr.org\/en\/#website","url":"https:\/\/www.rmcr.org\/en\/","name":"Real Maestranza de Caballer\u00eda de Ronda","description":"Real Maestranza de Caballer\u00eda de Ronda","publisher":{"@id":"https:\/\/www.rmcr.org\/en\/#organization"},"alternateName":"RMCR","potentialAction":[{"@type":"SearchAction","target":{"@type":"EntryPoint","urlTemplate":"https:\/\/www.rmcr.org\/en\/?s={search_term_string}"},"query-input":{"@type":"PropertyValueSpecification","valueRequired":true,"valueName":"search_term_string"}}],"inLanguage":"en-US"},{"@type":"Organization","@id":"https:\/\/www.rmcr.org\/en\/#organization","name":"Real Maestranza de Caballer\u00eda de Ronda","alternateName":"RMR","url":"https:\/\/www.rmcr.org\/en\/","logo":{"@type":"ImageObject","inLanguage":"en-US","@id":"https:\/\/www.rmcr.org\/en\/#\/schema\/logo\/image\/","url":"https:\/\/www.rmcr.org\/wp-content\/uploads\/2022\/07\/logo-rmr-blue.svg","contentUrl":"https:\/\/www.rmcr.org\/wp-content\/uploads\/2022\/07\/logo-rmr-blue.svg","width":131,"height":129,"caption":"Real Maestranza de Caballer\u00eda de Ronda"},"image":{"@id":"https:\/\/www.rmcr.org\/en\/#\/schema\/logo\/image\/"},"sameAs":["https:\/\/www.facebook.com\/plazadetorosronda","https:\/\/x.com\/PlazatorosRMR","https:\/\/www.instagram.com\/realmaestranzaderonda\/","https:\/\/www.youtube.com\/channel\/UCrbO5IUN-8v_QML739vM4zg\/videos"]}]}},"_links":{"self":[{"href":"https:\/\/www.rmcr.org\/en\/wp-json\/wp\/v2\/pages\/12499","targetHints":{"allow":["GET"]}}],"collection":[{"href":"https:\/\/www.rmcr.org\/en\/wp-json\/wp\/v2\/pages"}],"about":[{"href":"https:\/\/www.rmcr.org\/en\/wp-json\/wp\/v2\/types\/page"}],"author":[{"embeddable":true,"href":"https:\/\/www.rmcr.org\/en\/wp-json\/wp\/v2\/users\/1"}],"replies":[{"embeddable":true,"href":"https:\/\/www.rmcr.org\/en\/wp-json\/wp\/v2\/comments?post=12499"}],"version-history":[{"count":12,"href":"https:\/\/www.rmcr.org\/en\/wp-json\/wp\/v2\/pages\/12499\/revisions"}],"predecessor-version":[{"id":14158,"href":"https:\/\/www.rmcr.org\/en\/wp-json\/wp\/v2\/pages\/12499\/revisions\/14158"}],"wp:attachment":[{"href":"https:\/\/www.rmcr.org\/en\/wp-json\/wp\/v2\/media?parent=12499"}],"curies":[{"name":"wp","href":"https:\/\/api.w.org\/{rel}","templated":true}]}}