{"id":12487,"date":"2022-11-10T08:56:19","date_gmt":"2022-11-10T08:56:19","guid":{"rendered":"https:\/\/www.rmcr.org\/activity\/"},"modified":"2023-01-17T11:09:00","modified_gmt":"2023-01-17T11:09:00","slug":"activity","status":"publish","type":"page","link":"https:\/\/www.rmcr.org\/en\/activity\/","title":{"rendered":"Activity"},"content":{"rendered":"\t\t<div data-elementor-type=\"wp-page\" data-elementor-id=\"12487\" class=\"elementor elementor-12487 elementor-1025\" data-elementor-post-type=\"page\">\n\t\t\t\t\t\t<section class=\"elementor-section elementor-top-section elementor-element elementor-element-ec2cd30 elementor-section-boxed elementor-section-height-default elementor-section-height-default\" data-id=\"ec2cd30\" data-element_type=\"section\" data-e-type=\"section\">\n\t\t\t\t\t\t<div class=\"elementor-container elementor-column-gap-default\">\n\t\t\t\t\t<div class=\"elementor-column elementor-col-100 elementor-top-column elementor-element elementor-element-39ec8826\" data-id=\"39ec8826\" data-element_type=\"column\" data-e-type=\"column\" data-settings=\"{&quot;background_background&quot;:&quot;slideshow&quot;,&quot;background_slideshow_gallery&quot;:[],&quot;background_slideshow_loop&quot;:&quot;yes&quot;,&quot;background_slideshow_slide_duration&quot;:5000,&quot;background_slideshow_slide_transition&quot;:&quot;fade&quot;,&quot;background_slideshow_transition_duration&quot;:500}\">\n\t\t\t<div class=\"elementor-widget-wrap elementor-element-populated\">\n\t\t\t\t\t\t<div class=\"elementor-element elementor-element-343cd7c imagen-cabecera elementor-widget elementor-widget-image\" data-id=\"343cd7c\" data-element_type=\"widget\" data-e-type=\"widget\" data-widget_type=\"image.default\">\n\t\t\t\t<div class=\"elementor-widget-container\">\n\t\t\t\t\t\t\t\t\t\t\t\t\t\t\t<img fetchpriority=\"high\" decoding=\"async\" width=\"1440\" height=\"620\" src=\"https:\/\/www.rmcr.org\/wp-content\/uploads\/2022\/05\/actividad.jpg\" class=\"attachment-full size-full wp-image-1029\" alt=\"\" srcset=\"https:\/\/www.rmcr.org\/wp-content\/uploads\/2022\/05\/actividad.jpg 1440w, https:\/\/www.rmcr.org\/wp-content\/uploads\/2022\/05\/actividad-300x129.jpg 300w, https:\/\/www.rmcr.org\/wp-content\/uploads\/2022\/05\/actividad-1024x441.jpg 1024w, https:\/\/www.rmcr.org\/wp-content\/uploads\/2022\/05\/actividad-768x331.jpg 768w\" sizes=\"(max-width: 1440px) 100vw, 1440px\" \/>\t\t\t\t\t\t\t\t\t\t\t\t\t\t\t<\/div>\n\t\t\t\t<\/div>\n\t\t\t\t\t<\/div>\n\t\t<\/div>\n\t\t\t\t\t<\/div>\n\t\t<\/section>\n\t\t\t\t<section class=\"elementor-section elementor-top-section elementor-element elementor-element-5370dab6 elementor-section-boxed elementor-section-height-default elementor-section-height-default\" data-id=\"5370dab6\" data-element_type=\"section\" data-e-type=\"section\">\n\t\t\t\t\t\t<div class=\"elementor-container elementor-column-gap-default\">\n\t\t\t\t\t<div class=\"elementor-column elementor-col-100 elementor-top-column elementor-element elementor-element-423f3373\" data-id=\"423f3373\" data-element_type=\"column\" data-e-type=\"column\">\n\t\t\t<div class=\"elementor-widget-wrap elementor-element-populated\">\n\t\t\t\t\t\t<div class=\"elementor-element elementor-element-1353dfe6 elementor-widget elementor-widget-heading\" data-id=\"1353dfe6\" data-element_type=\"widget\" data-e-type=\"widget\" data-widget_type=\"heading.default\">\n\t\t\t\t<div class=\"elementor-widget-container\">\n\t\t\t\t\t<h1 class=\"elementor-heading-title elementor-size-default\">ACTIVITY<\/h1>\t\t\t\t<\/div>\n\t\t\t\t<\/div>\n\t\t\t\t<div class=\"elementor-element elementor-element-426ac308 elementor-widget elementor-widget-heading\" data-id=\"426ac308\" data-element_type=\"widget\" data-e-type=\"widget\" data-widget_type=\"heading.default\">\n\t\t\t\t<div class=\"elementor-widget-container\">\n\t\t\t\t\t<h2 class=\"elementor-heading-title elementor-size-default\">Actividad<\/h2>\t\t\t\t<\/div>\n\t\t\t\t<\/div>\n\t\t\t\t<div class=\"elementor-element elementor-element-683821 elementor-widget elementor-widget-heading\" data-id=\"683821\" data-element_type=\"widget\" data-e-type=\"widget\" data-widget_type=\"heading.default\">\n\t\t\t\t<div class=\"elementor-widget-container\">\n\t\t\t\t\t<h3 class=\"elementor-heading-title elementor-size-default\">The Real Maestranza\u2019s cultural activities are central to fulfilling its current day purpose of managing its cultural heritage, research and education. Its not-for profit status reflects its centuries-old vocation of serving the public interest.<\/h3>\t\t\t\t<\/div>\n\t\t\t\t<\/div>\n\t\t\t\t<div class=\"elementor-element elementor-element-5d98fab5 link-change-language elementor-widget elementor-widget-heading\" data-id=\"5d98fab5\" data-element_type=\"widget\" data-e-type=\"widget\" data-widget_type=\"heading.default\">\n\t\t\t\t<div class=\"elementor-widget-container\">\n\t\t\t\t\t<h4 class=\"elementor-heading-title elementor-size-default\">La actividad cultural de la Real Maestranza es el testimonio vivo de su raz\u00f3n de ser y vocaci\u00f3n contempor\u00e1neos: una instituci\u00f3n cultural sin \u00e1nimo de lucro dedicada a la investigaci\u00f3n y a la educaci\u00f3n. <\/h4>\t\t\t\t<\/div>\n\t\t\t\t<\/div>\n\t\t\t\t\t<\/div>\n\t\t<\/div>\n\t\t\t\t\t<\/div>\n\t\t<\/section>\n\t\t\t\t<section class=\"elementor-section elementor-top-section elementor-element elementor-element-54424c6c elementor-section-boxed elementor-section-height-default elementor-section-height-default\" data-id=\"54424c6c\" data-element_type=\"section\" data-e-type=\"section\">\n\t\t\t\t\t\t<div class=\"elementor-container elementor-column-gap-default\">\n\t\t\t\t\t<div class=\"elementor-column elementor-col-33 elementor-top-column elementor-element elementor-element-1cf2ec5c\" data-id=\"1cf2ec5c\" data-element_type=\"column\" data-e-type=\"column\" data-settings=\"{&quot;background_background&quot;:&quot;classic&quot;}\">\n\t\t\t<div class=\"elementor-widget-wrap elementor-element-populated\">\n\t\t\t\t\t\t<div class=\"elementor-element elementor-element-397e088 elementor-widget elementor-widget-card-image-vertical\" data-id=\"397e088\" data-element_type=\"widget\" data-e-type=\"widget\" data-widget_type=\"card-image-vertical.default\">\n\t\t\t\t<div class=\"elementor-widget-container\">\n\t\t\t\t\t<div class=\"card-image-vertical\"><img decoding=\"async\" src=\"https:\/\/www.rmcr.org\/wp-content\/uploads\/2022\/05\/actividades-becas-premios-2.jpg\" alt=\"\"><h2 class=\"title\">Grants and Awards<\/h2><div class=\"content\">\n          <p>The Real Maestranza promotes excellence in education through providing financial incentives to young students in the region. Each year the most outstanding students are warded grants for their university studies and a prize is awarded to the best university graduate.<\/p>\n        <\/div><a class=\"button\" href=\"https:\/\/www.rmcr.org\/becas-premios-universitarios\/\" class=\"button\" target=\"_self\">Grants and Awards<\/a><\/div>\t\t\t\t<\/div>\n\t\t\t\t<\/div>\n\t\t\t\t\t<\/div>\n\t\t<\/div>\n\t\t\t\t<div class=\"elementor-column elementor-col-33 elementor-top-column elementor-element elementor-element-cae85f6\" data-id=\"cae85f6\" data-element_type=\"column\" data-e-type=\"column\" data-settings=\"{&quot;background_background&quot;:&quot;classic&quot;}\">\n\t\t\t<div class=\"elementor-widget-wrap elementor-element-populated\">\n\t\t\t\t\t\t<div class=\"elementor-element elementor-element-0d1af83 elementor-widget elementor-widget-card-image-vertical\" data-id=\"0d1af83\" data-element_type=\"widget\" data-e-type=\"widget\" data-widget_type=\"card-image-vertical.default\">\n\t\t\t\t<div class=\"elementor-widget-container\">\n\t\t\t\t\t<div class=\"card-image-vertical\"><img decoding=\"async\" src=\"https:\/\/www.rmcr.org\/wp-content\/uploads\/2022\/05\/actividades-eustory.jpg\" alt=\"\"><h2 class=\"title\">Eustory History Competition for Young People<\/h2><div class=\"content\"><p>The Real Maestranza organises the annual Eustory History Competition for Young People, in Spain, Portugal and South America. Under the motto \u201clearning through research\u201d the competition aims to foster critical thinking, using history as a vehicle for \u201cunderstanding differences and overcoming divisions\u201d.<\/p><\/div><a class=\"button\" href=\"https:\/\/www.rmcr.org\/eustory\/\" class=\"button\" target=\"_self\">Eustory<\/a><\/div>\t\t\t\t<\/div>\n\t\t\t\t<\/div>\n\t\t\t\t\t<\/div>\n\t\t<\/div>\n\t\t\t\t<div class=\"elementor-column elementor-col-33 elementor-top-column elementor-element elementor-element-69f35b5\" data-id=\"69f35b5\" data-element_type=\"column\" data-e-type=\"column\" data-settings=\"{&quot;background_background&quot;:&quot;classic&quot;}\">\n\t\t\t<div class=\"elementor-widget-wrap elementor-element-populated\">\n\t\t\t\t\t\t<div class=\"elementor-element elementor-element-1efd7b4 elementor-widget elementor-widget-card-image-vertical\" data-id=\"1efd7b4\" data-element_type=\"widget\" data-e-type=\"widget\" data-widget_type=\"card-image-vertical.default\">\n\t\t\t\t<div class=\"elementor-widget-container\">\n\t\t\t\t\t<div class=\"card-image-vertical\"><img decoding=\"async\" src=\"https:\/\/www.rmcr.org\/wp-content\/uploads\/2022\/05\/actividades-publicaciones-2.jpg\" alt=\"\"><h2 class=\"title\">Books<\/h2><div class=\"content\">\n          <p>The Real Maestranza de Caballer\u00eda de Ronda, in partnership with publishers and other institutions, publishes scholarly works on subjects such as genealogy, heraldry, power \u00e9lites, chivalry, equestrianism, history of bullfighting, history of Ronda and its surrounding area, etc.<\/p>\n        <\/div><a class=\"button\" href=\"https:\/\/www.rmcr.org\/publicaciones\/\" class=\"button\" target=\"_self\">Books<\/a><\/div>\t\t\t\t<\/div>\n\t\t\t\t<\/div>\n\t\t\t\t\t<\/div>\n\t\t<\/div>\n\t\t\t\t\t<\/div>\n\t\t<\/section>\n\t\t\t\t<section class=\"elementor-section elementor-top-section elementor-element elementor-element-90d9ad8 elementor-section-boxed elementor-section-height-default elementor-section-height-default\" data-id=\"90d9ad8\" data-element_type=\"section\" data-e-type=\"section\">\n\t\t\t\t\t\t<div class=\"elementor-container elementor-column-gap-default\">\n\t\t\t\t\t<div class=\"elementor-column elementor-col-33 elementor-top-column elementor-element elementor-element-682f23a\" data-id=\"682f23a\" data-element_type=\"column\" data-e-type=\"column\" data-settings=\"{&quot;background_background&quot;:&quot;classic&quot;}\">\n\t\t\t<div class=\"elementor-widget-wrap elementor-element-populated\">\n\t\t\t\t\t\t<div class=\"elementor-element elementor-element-9314305 elementor-widget elementor-widget-card-image-vertical\" data-id=\"9314305\" data-element_type=\"widget\" data-e-type=\"widget\" data-widget_type=\"card-image-vertical.default\">\n\t\t\t\t<div class=\"elementor-widget-container\">\n\t\t\t\t\t<div class=\"card-image-vertical\"><img decoding=\"async\" src=\"https:\/\/www.rmcr.org\/wp-content\/uploads\/2022\/05\/actividad-encuentro-musica-filosofia.jpg\" alt=\"\"><h2 class=\"title\">Encounters in Music &amp; Philosophy<\/h2><div class=\"content\"><p class=\"western\">This annual three-day event brings together philosophers, musicians and thinkers from various disciplines to explore a selected philosophical theme by relating it to the vast field of music.<\/p><\/div><a class=\"button\" href=\"https:\/\/www.rmcr.org\/en\/encounters-in-music-philosophy\/\" class=\"button\" target=\"_self\">Music &amp; Philosophy<\/a><\/div>\t\t\t\t<\/div>\n\t\t\t\t<\/div>\n\t\t\t\t\t<\/div>\n\t\t<\/div>\n\t\t\t\t<div class=\"elementor-column elementor-col-33 elementor-top-column elementor-element elementor-element-84b262b\" data-id=\"84b262b\" data-element_type=\"column\" data-e-type=\"column\" data-settings=\"{&quot;background_background&quot;:&quot;classic&quot;}\">\n\t\t\t<div class=\"elementor-widget-wrap elementor-element-populated\">\n\t\t\t\t\t\t<div class=\"elementor-element elementor-element-bbfb1cc elementor-widget elementor-widget-card-image-vertical\" data-id=\"bbfb1cc\" data-element_type=\"widget\" data-e-type=\"widget\" data-widget_type=\"card-image-vertical.default\">\n\t\t\t\t<div class=\"elementor-widget-container\">\n\t\t\t\t\t<div class=\"card-image-vertical\"><img decoding=\"async\" src=\"https:\/\/www.rmcr.org\/wp-content\/uploads\/2022\/05\/violin.jpg\" alt=\"\"><h2 class=\"title\">Ronda Music Week<\/h2><div class=\"content\"><p>An annual programme of Summer concerts designed to offer an historical and contemporary view of music and its relationship to creativity.<\/p><\/div><a class=\"button\" href=\"https:\/\/www.rmcr.org\/semana-de-la-musica\/\" class=\"button\" target=\"_self\">Music Week<\/a><\/div>\t\t\t\t<\/div>\n\t\t\t\t<\/div>\n\t\t\t\t\t<\/div>\n\t\t<\/div>\n\t\t\t\t<div class=\"elementor-column elementor-col-33 elementor-top-column elementor-element elementor-element-dcabc09\" data-id=\"dcabc09\" data-element_type=\"column\" data-e-type=\"column\" data-settings=\"{&quot;background_background&quot;:&quot;classic&quot;}\">\n\t\t\t<div class=\"elementor-widget-wrap elementor-element-populated\">\n\t\t\t\t\t\t<div class=\"elementor-element elementor-element-7f2ebd4 elementor-widget elementor-widget-card-image-vertical\" data-id=\"7f2ebd4\" data-element_type=\"widget\" data-e-type=\"widget\" data-widget_type=\"card-image-vertical.default\">\n\t\t\t\t<div class=\"elementor-widget-container\">\n\t\t\t\t\t<div class=\"card-image-vertical\"><img decoding=\"async\" src=\"https:\/\/www.rmcr.org\/wp-content\/uploads\/2022\/05\/enganches.jpg\" alt=\"\"><h2 class=\"title\">Carriage Driving Exhibition<\/h2><div class=\"content\">\n          <p>Each year the Real Maestranza in collaboration with the Royal Horse Driving Club of Andalucia and the Ronda Town Hall organises this event which attracts the best horses and carriages from all over Spain and Europe.<\/p>\n        <\/div><a class=\"button\" href=\"https:\/\/www.rmcr.org\/concurso-exhibicion-enganches\/\" class=\"button\" target=\"_self\">Carriages<\/a><\/div>\t\t\t\t<\/div>\n\t\t\t\t<\/div>\n\t\t\t\t\t<\/div>\n\t\t<\/div>\n\t\t\t\t\t<\/div>\n\t\t<\/section>\n\t\t\t\t<section class=\"elementor-section elementor-top-section elementor-element elementor-element-cbfbef8 elementor-section-boxed elementor-section-height-default elementor-section-height-default\" data-id=\"cbfbef8\" data-element_type=\"section\" data-e-type=\"section\">\n\t\t\t\t\t\t<div class=\"elementor-container elementor-column-gap-default\">\n\t\t\t\t\t<div class=\"elementor-column elementor-col-33 elementor-top-column elementor-element elementor-element-45d6494\" data-id=\"45d6494\" data-element_type=\"column\" data-e-type=\"column\" data-settings=\"{&quot;background_background&quot;:&quot;classic&quot;}\">\n\t\t\t<div class=\"elementor-widget-wrap elementor-element-populated\">\n\t\t\t\t\t\t<div class=\"elementor-element elementor-element-2203bdf elementor-widget elementor-widget-card-image-vertical\" data-id=\"2203bdf\" data-element_type=\"widget\" data-e-type=\"widget\" data-widget_type=\"card-image-vertical.default\">\n\t\t\t\t<div class=\"elementor-widget-container\">\n\t\t\t\t\t<div class=\"card-image-vertical\"><img decoding=\"async\" src=\"https:\/\/www.rmcr.org\/wp-content\/uploads\/2022\/05\/actividades-colaboraciones-1.jpg\" alt=\"\"><h2 class=\"title\">Partnerships<\/h2><div class=\"content\">\n          <p class=\"western\">The Real Maestranza works in partnership with other organisations with complementary aims.<\/p>\n        <\/div><a class=\"button\" href=\"https:\/\/www.rmcr.org\/colaboraciones\/\" class=\"button\" target=\"_self\">Partnerships<\/a><\/div>\t\t\t\t<\/div>\n\t\t\t\t<\/div>\n\t\t\t\t\t<\/div>\n\t\t<\/div>\n\t\t\t\t<div class=\"elementor-column elementor-col-33 elementor-top-column elementor-element elementor-element-d395c1f\" data-id=\"d395c1f\" data-element_type=\"column\" data-e-type=\"column\">\n\t\t\t<div class=\"elementor-widget-wrap\">\n\t\t\t\t\t\t\t<\/div>\n\t\t<\/div>\n\t\t\t\t<div class=\"elementor-column elementor-col-33 elementor-top-column elementor-element elementor-element-97d431d\" data-id=\"97d431d\" data-element_type=\"column\" data-e-type=\"column\">\n\t\t\t<div class=\"elementor-widget-wrap\">\n\t\t\t\t\t\t\t<\/div>\n\t\t<\/div>\n\t\t\t\t\t<\/div>\n\t\t<\/section>\n\t\t\t\t<\/div>\n\t\t","protected":false},"excerpt":{"rendered":"<p>ACTIVITY Actividad The Real Maestranza\u2019s cultural activities are central to fulfilling its current day purpose of managing its cultural heritage, research and education. Its not-for profit status reflects its centuries-old vocation of serving the public interest. La actividad cultural de la Real Maestranza es el testimonio vivo de su raz\u00f3n de ser y vocaci\u00f3n contempor\u00e1neos: [&hellip;]<\/p>\n","protected":false},"author":1,"featured_media":0,"parent":0,"menu_order":0,"comment_status":"closed","ping_status":"closed","template":"","meta":{"footnotes":""},"class_list":["post-12487","page","type-page","status-publish","hentry"],"yoast_head":"<!-- This site is optimized with the Yoast SEO plugin v27.3 - https:\/\/yoast.com\/product\/yoast-seo-wordpress\/ -->\n<title>Activity - Real Maestranza de Caballer\u00eda de Ronda<\/title>\n<meta name=\"robots\" content=\"index, follow, max-snippet:-1, max-image-preview:large, max-video-preview:-1\" \/>\n<link rel=\"canonical\" href=\"https:\/\/www.rmcr.org\/en\/activity\/\" \/>\n<meta property=\"og:locale\" content=\"en_US\" \/>\n<meta property=\"og:type\" content=\"article\" \/>\n<meta property=\"og:title\" content=\"Activity - Real Maestranza de Caballer\u00eda de Ronda\" \/>\n<meta property=\"og:description\" content=\"ACTIVITY Actividad The Real Maestranza\u2019s cultural activities are central to fulfilling its current day purpose of managing its cultural heritage, research and education. Its not-for profit status reflects its centuries-old vocation of serving the public interest. La actividad cultural de la Real Maestranza es el testimonio vivo de su raz\u00f3n de ser y vocaci\u00f3n contempor\u00e1neos: [&hellip;]\" \/>\n<meta property=\"og:url\" content=\"https:\/\/www.rmcr.org\/en\/activity\/\" \/>\n<meta property=\"og:site_name\" content=\"Real Maestranza de Caballer\u00eda de Ronda\" \/>\n<meta property=\"article:publisher\" content=\"https:\/\/www.facebook.com\/plazadetorosronda\" \/>\n<meta property=\"article:modified_time\" content=\"2023-01-17T11:09:00+00:00\" \/>\n<meta property=\"og:image\" content=\"https:\/\/www.rmcr.org\/wp-content\/uploads\/2022\/05\/actividad.jpg\" \/>\n<meta name=\"twitter:card\" content=\"summary_large_image\" \/>\n<meta name=\"twitter:site\" content=\"@PlazatorosRMR\" \/>\n<meta name=\"twitter:label1\" content=\"Est. reading time\" \/>\n\t<meta name=\"twitter:data1\" content=\"2 minutes\" \/>\n<script type=\"application\/ld+json\" class=\"yoast-schema-graph\">{\"@context\":\"https:\\\/\\\/schema.org\",\"@graph\":[{\"@type\":\"WebPage\",\"@id\":\"https:\\\/\\\/www.rmcr.org\\\/en\\\/activity\\\/\",\"url\":\"https:\\\/\\\/www.rmcr.org\\\/en\\\/activity\\\/\",\"name\":\"Activity - Real Maestranza de Caballer\u00eda de Ronda\",\"isPartOf\":{\"@id\":\"https:\\\/\\\/www.rmcr.org\\\/en\\\/#website\"},\"primaryImageOfPage\":{\"@id\":\"https:\\\/\\\/www.rmcr.org\\\/en\\\/activity\\\/#primaryimage\"},\"image\":{\"@id\":\"https:\\\/\\\/www.rmcr.org\\\/en\\\/activity\\\/#primaryimage\"},\"thumbnailUrl\":\"https:\\\/\\\/www.rmcr.org\\\/wp-content\\\/uploads\\\/2022\\\/05\\\/actividad.jpg\",\"datePublished\":\"2022-11-10T08:56:19+00:00\",\"dateModified\":\"2023-01-17T11:09:00+00:00\",\"breadcrumb\":{\"@id\":\"https:\\\/\\\/www.rmcr.org\\\/en\\\/activity\\\/#breadcrumb\"},\"inLanguage\":\"en-US\",\"potentialAction\":[{\"@type\":\"ReadAction\",\"target\":[\"https:\\\/\\\/www.rmcr.org\\\/en\\\/activity\\\/\"]}]},{\"@type\":\"ImageObject\",\"inLanguage\":\"en-US\",\"@id\":\"https:\\\/\\\/www.rmcr.org\\\/en\\\/activity\\\/#primaryimage\",\"url\":\"https:\\\/\\\/www.rmcr.org\\\/wp-content\\\/uploads\\\/2022\\\/05\\\/actividad.jpg\",\"contentUrl\":\"https:\\\/\\\/www.rmcr.org\\\/wp-content\\\/uploads\\\/2022\\\/05\\\/actividad.jpg\"},{\"@type\":\"BreadcrumbList\",\"@id\":\"https:\\\/\\\/www.rmcr.org\\\/en\\\/activity\\\/#breadcrumb\",\"itemListElement\":[{\"@type\":\"ListItem\",\"position\":1,\"name\":\"REAL MAESTRANZA DE CABALLER\u00cdA DE RONDA\",\"item\":\"https:\\\/\\\/www.rmcr.org\\\/en\\\/\"},{\"@type\":\"ListItem\",\"position\":2,\"name\":\"Activity\"}]},{\"@type\":\"WebSite\",\"@id\":\"https:\\\/\\\/www.rmcr.org\\\/en\\\/#website\",\"url\":\"https:\\\/\\\/www.rmcr.org\\\/en\\\/\",\"name\":\"Real Maestranza de Caballer\u00eda de Ronda\",\"description\":\"Real Maestranza de Caballer\u00eda de Ronda\",\"publisher\":{\"@id\":\"https:\\\/\\\/www.rmcr.org\\\/en\\\/#organization\"},\"alternateName\":\"RMCR\",\"potentialAction\":[{\"@type\":\"SearchAction\",\"target\":{\"@type\":\"EntryPoint\",\"urlTemplate\":\"https:\\\/\\\/www.rmcr.org\\\/en\\\/?s={search_term_string}\"},\"query-input\":{\"@type\":\"PropertyValueSpecification\",\"valueRequired\":true,\"valueName\":\"search_term_string\"}}],\"inLanguage\":\"en-US\"},{\"@type\":\"Organization\",\"@id\":\"https:\\\/\\\/www.rmcr.org\\\/en\\\/#organization\",\"name\":\"Real Maestranza de Caballer\u00eda de Ronda\",\"alternateName\":\"RMR\",\"url\":\"https:\\\/\\\/www.rmcr.org\\\/en\\\/\",\"logo\":{\"@type\":\"ImageObject\",\"inLanguage\":\"en-US\",\"@id\":\"https:\\\/\\\/www.rmcr.org\\\/en\\\/#\\\/schema\\\/logo\\\/image\\\/\",\"url\":\"https:\\\/\\\/www.rmcr.org\\\/wp-content\\\/uploads\\\/2022\\\/07\\\/logo-rmr-blue.svg\",\"contentUrl\":\"https:\\\/\\\/www.rmcr.org\\\/wp-content\\\/uploads\\\/2022\\\/07\\\/logo-rmr-blue.svg\",\"width\":131,\"height\":129,\"caption\":\"Real Maestranza de Caballer\u00eda de Ronda\"},\"image\":{\"@id\":\"https:\\\/\\\/www.rmcr.org\\\/en\\\/#\\\/schema\\\/logo\\\/image\\\/\"},\"sameAs\":[\"https:\\\/\\\/www.facebook.com\\\/plazadetorosronda\",\"https:\\\/\\\/x.com\\\/PlazatorosRMR\",\"https:\\\/\\\/www.instagram.com\\\/realmaestranzaderonda\\\/\",\"https:\\\/\\\/www.youtube.com\\\/channel\\\/UCrbO5IUN-8v_QML739vM4zg\\\/videos\"]}]}<\/script>\n<!-- \/ Yoast SEO plugin. -->","yoast_head_json":{"title":"Activity - Real Maestranza de Caballer\u00eda de Ronda","robots":{"index":"index","follow":"follow","max-snippet":"max-snippet:-1","max-image-preview":"max-image-preview:large","max-video-preview":"max-video-preview:-1"},"canonical":"https:\/\/www.rmcr.org\/en\/activity\/","og_locale":"en_US","og_type":"article","og_title":"Activity - Real Maestranza de Caballer\u00eda de Ronda","og_description":"ACTIVITY Actividad The Real Maestranza\u2019s cultural activities are central to fulfilling its current day purpose of managing its cultural heritage, research and education. Its not-for profit status reflects its centuries-old vocation of serving the public interest. La actividad cultural de la Real Maestranza es el testimonio vivo de su raz\u00f3n de ser y vocaci\u00f3n contempor\u00e1neos: [&hellip;]","og_url":"https:\/\/www.rmcr.org\/en\/activity\/","og_site_name":"Real Maestranza de Caballer\u00eda de Ronda","article_publisher":"https:\/\/www.facebook.com\/plazadetorosronda","article_modified_time":"2023-01-17T11:09:00+00:00","og_image":[{"url":"https:\/\/www.rmcr.org\/wp-content\/uploads\/2022\/05\/actividad.jpg","type":"","width":"","height":""}],"twitter_card":"summary_large_image","twitter_site":"@PlazatorosRMR","twitter_misc":{"Est. reading time":"2 minutes"},"schema":{"@context":"https:\/\/schema.org","@graph":[{"@type":"WebPage","@id":"https:\/\/www.rmcr.org\/en\/activity\/","url":"https:\/\/www.rmcr.org\/en\/activity\/","name":"Activity - Real Maestranza de Caballer\u00eda de Ronda","isPartOf":{"@id":"https:\/\/www.rmcr.org\/en\/#website"},"primaryImageOfPage":{"@id":"https:\/\/www.rmcr.org\/en\/activity\/#primaryimage"},"image":{"@id":"https:\/\/www.rmcr.org\/en\/activity\/#primaryimage"},"thumbnailUrl":"https:\/\/www.rmcr.org\/wp-content\/uploads\/2022\/05\/actividad.jpg","datePublished":"2022-11-10T08:56:19+00:00","dateModified":"2023-01-17T11:09:00+00:00","breadcrumb":{"@id":"https:\/\/www.rmcr.org\/en\/activity\/#breadcrumb"},"inLanguage":"en-US","potentialAction":[{"@type":"ReadAction","target":["https:\/\/www.rmcr.org\/en\/activity\/"]}]},{"@type":"ImageObject","inLanguage":"en-US","@id":"https:\/\/www.rmcr.org\/en\/activity\/#primaryimage","url":"https:\/\/www.rmcr.org\/wp-content\/uploads\/2022\/05\/actividad.jpg","contentUrl":"https:\/\/www.rmcr.org\/wp-content\/uploads\/2022\/05\/actividad.jpg"},{"@type":"BreadcrumbList","@id":"https:\/\/www.rmcr.org\/en\/activity\/#breadcrumb","itemListElement":[{"@type":"ListItem","position":1,"name":"REAL MAESTRANZA DE CABALLER\u00cdA DE RONDA","item":"https:\/\/www.rmcr.org\/en\/"},{"@type":"ListItem","position":2,"name":"Activity"}]},{"@type":"WebSite","@id":"https:\/\/www.rmcr.org\/en\/#website","url":"https:\/\/www.rmcr.org\/en\/","name":"Real Maestranza de Caballer\u00eda de Ronda","description":"Real Maestranza de Caballer\u00eda de Ronda","publisher":{"@id":"https:\/\/www.rmcr.org\/en\/#organization"},"alternateName":"RMCR","potentialAction":[{"@type":"SearchAction","target":{"@type":"EntryPoint","urlTemplate":"https:\/\/www.rmcr.org\/en\/?s={search_term_string}"},"query-input":{"@type":"PropertyValueSpecification","valueRequired":true,"valueName":"search_term_string"}}],"inLanguage":"en-US"},{"@type":"Organization","@id":"https:\/\/www.rmcr.org\/en\/#organization","name":"Real Maestranza de Caballer\u00eda de Ronda","alternateName":"RMR","url":"https:\/\/www.rmcr.org\/en\/","logo":{"@type":"ImageObject","inLanguage":"en-US","@id":"https:\/\/www.rmcr.org\/en\/#\/schema\/logo\/image\/","url":"https:\/\/www.rmcr.org\/wp-content\/uploads\/2022\/07\/logo-rmr-blue.svg","contentUrl":"https:\/\/www.rmcr.org\/wp-content\/uploads\/2022\/07\/logo-rmr-blue.svg","width":131,"height":129,"caption":"Real Maestranza de Caballer\u00eda de Ronda"},"image":{"@id":"https:\/\/www.rmcr.org\/en\/#\/schema\/logo\/image\/"},"sameAs":["https:\/\/www.facebook.com\/plazadetorosronda","https:\/\/x.com\/PlazatorosRMR","https:\/\/www.instagram.com\/realmaestranzaderonda\/","https:\/\/www.youtube.com\/channel\/UCrbO5IUN-8v_QML739vM4zg\/videos"]}]}},"_links":{"self":[{"href":"https:\/\/www.rmcr.org\/en\/wp-json\/wp\/v2\/pages\/12487","targetHints":{"allow":["GET"]}}],"collection":[{"href":"https:\/\/www.rmcr.org\/en\/wp-json\/wp\/v2\/pages"}],"about":[{"href":"https:\/\/www.rmcr.org\/en\/wp-json\/wp\/v2\/types\/page"}],"author":[{"embeddable":true,"href":"https:\/\/www.rmcr.org\/en\/wp-json\/wp\/v2\/users\/1"}],"replies":[{"embeddable":true,"href":"https:\/\/www.rmcr.org\/en\/wp-json\/wp\/v2\/comments?post=12487"}],"version-history":[{"count":53,"href":"https:\/\/www.rmcr.org\/en\/wp-json\/wp\/v2\/pages\/12487\/revisions"}],"predecessor-version":[{"id":14263,"href":"https:\/\/www.rmcr.org\/en\/wp-json\/wp\/v2\/pages\/12487\/revisions\/14263"}],"wp:attachment":[{"href":"https:\/\/www.rmcr.org\/en\/wp-json\/wp\/v2\/media?parent=12487"}],"curies":[{"name":"wp","href":"https:\/\/api.w.org\/{rel}","templated":true}]}}